{"id":2,"date":"2011-03-10T12:17:50","date_gmt":"2011-03-10T12:17:50","guid":{"rendered":"http:\/\/www.strength2grow.se\/?page_id=2"},"modified":"2014-08-25T18:49:05","modified_gmt":"2014-08-25T18:49:05","slug":"exempelsida","status":"publish","type":"page","link":"http:\/\/www.strength2grow.se\/","title":{"rendered":"V\u00e4lkommen!"},"content":{"rendered":"<p>Vi har alla olika behov av att utvecklas och v\u00e4xa &#8211; det som \u00e4r gemensamt \u00e4r att vi alla beh\u00f6ver styrkan och modet att ta f\u00f6rsta steget. Hos oss hj\u00e4lper vi dig att ta det f\u00f6rsta steget till din egen personliga utveckling.<\/p>\n<p>Vi erbjuder professionell och personlig utveckling genom coaching, utbildning och f\u00f6rel\u00e4sningar. <strong>Coaching<\/strong> kan appliceras p\u00e5 livets alla omr\u00e5den och faser. Coaching handlar om dig, b\u00e5de privat och i yrkeslivet. I coaching lyfter vi fram och fokuserar p\u00e5 det som \u00e4r bra och som kan bli \u00e4nnu b\u00e4ttre!<\/p>\n<p>Vi har specialiserat oss p\u00e5 <strong>ADHD coaching<\/strong> f\u00f6r f\u00f6r\u00e4ldrar, l\u00e4rare och skolledning som i sin tur leder till att barnen och ungdomarna i skolan f\u00e5r b\u00e4ttre f\u00f6ruts\u00e4ttningar att m\u00e5 bra och lyckas med sitt skolarbete. L\u00e4s mer under &#8221;ADHD Coaching&#8221; och kontakta oss g\u00e4rna f\u00f6r att ha en personlig diskussion om vad du beh\u00f6ver. I \u00e5r kommer vi ocks\u00e5 att genomf\u00f6ra aktiviteter f\u00f6r att bidra med mer kunskap om ADHD under oktober m\u00e5nad som \u00e4r <strong>ADHD Awareness Month<\/strong> &#8211; mer information finns under fliken &#8221;ADHD Awareness Month&#8221;.<\/p>\n<p>Vi genomf\u00f6r ocks\u00e5 <strong>samverkansprojekt<\/strong> med skolor d\u00e4r f\u00f6rel\u00e4sningar varvas med utbildning med tid f\u00f6r reflektion och diskussioner. L\u00e4rare och f\u00f6r\u00e4ldrar erbjuds coaching och handledning under projektets genomf\u00f6rande.<\/p>\n<p>Vi erbjuder \u00e4ven <strong>Sorgbearbetning<\/strong> b\u00e5de i grupp och individuellt. Mer information om sorgbearbetning finns p\u00e5 menyn tillsammans med aktuella kurser och anm\u00e4lan.<\/p>\n<p><a href=\"http:\/\/www.strength2grow.se\/wp-content\/uploads\/2011\/03\/Strength2Grow-stor.png\"><img loading=\"lazy\" decoding=\"async\" class=\"size-full wp-image-6 aligncenter\" title=\"Strength2Grow stor\" alt=\"\" src=\"http:\/\/www.strength2grow.se\/wp-content\/uploads\/2011\/03\/Strength2Grow-stor.png\" width=\"285\" height=\"144\" \/><\/a><\/p>\n<p>&nbsp;<\/p>\n","protected":false},"excerpt":{"rendered":"<p>Vi har alla olika behov av att utvecklas och v\u00e4xa &#8211; det som \u00e4r gemensamt \u00e4r att vi alla beh\u00f6ver styrkan och modet att ta f\u00f6rsta steget. Hos oss hj\u00e4lper vi dig att ta det f\u00f6rsta steget till din egen &hellip; <a href=\"http:\/\/www.strength2grow.se\/\">L\u00e4s mer <span class=\"meta-nav\">&rarr;<\/span><\/a><\/p>\n","protected":false},"author":3,"featured_media":0,"parent":0,"menu_order":0,"comment_status":"open","ping_status":"open","template":"","meta":{"footnotes":""},"class_list":["post-2","page","type-page","status-publish","hentry"],"_links":{"self":[{"href":"http:\/\/www.strength2grow.se\/index.php?rest_route=\/wp\/v2\/pages\/2","targetHints":{"allow":["GET"]}}],"collection":[{"href":"http:\/\/www.strength2grow.se\/index.php?rest_route=\/wp\/v2\/pages"}],"about":[{"href":"http:\/\/www.strength2grow.se\/index.php?rest_route=\/wp\/v2\/types\/page"}],"author":[{"embeddable":true,"href":"http:\/\/www.strength2grow.se\/index.php?rest_route=\/wp\/v2\/users\/3"}],"replies":[{"embeddable":true,"href":"http:\/\/www.strength2grow.se\/index.php?rest_route=%2Fwp%2Fv2%2Fcomments&post=2"}],"version-history":[{"count":44,"href":"http:\/\/www.strength2grow.se\/index.php?rest_route=\/wp\/v2\/pages\/2\/revisions"}],"predecessor-version":[{"id":5,"href":"http:\/\/www.strength2grow.se\/index.php?rest_route=\/wp\/v2\/pages\/2\/revisions\/5"}],"wp:attachment":[{"href":"http:\/\/www.strength2grow.se\/index.php?rest_route=%2Fwp%2Fv2%2Fmedia&parent=2"}],"curies":[{"name":"wp","href":"https:\/\/api.w.org\/{rel}","templated":true}]}}